{"id":123,"date":"2022-09-01T11:54:57","date_gmt":"2022-09-01T11:54:57","guid":{"rendered":"https:\/\/beautyesthetics.ch\/?page_id=123"},"modified":"2023-09-09T09:09:17","modified_gmt":"2023-09-09T09:09:17","slug":"permanentmakeup","status":"publish","type":"page","link":"https:\/\/beautyesthetics.ch\/?page_id=123","title":{"rendered":"PermanentMakeUp"},"content":{"rendered":"\n<h2 class=\"wp-block-heading has-text-align-center\"><strong>Sch\u00f6nheit, die bleibt<\/strong>.<\/h2>\n\n\n\n<h2 class=\"wp-block-heading has-text-align-center\">F\u00fcr jede moderne Frau von Heute, die sich 24h auf ihr gepflegtes Aussehen verlassen m\u00f6chte. Wir optimieren deine Augenbrauen, Lippen oder setzen Lidstriche f\u00fcr deine eigene, ganz besondere Ausstrahlung!<\/h2>\n\n\n\n<h2 class=\"wp-block-heading has-text-align-center\">In unserem Studio arbeiten wir ausschlie\u00dflich mit zertifizierten Produkten , um Dir beste Qualit\u00e4t zu sichern. Wir beraten dich sehr gerne kostenlos!<\/h2>\n\n\n\n<hr class=\"wp-block-separator has-alpha-channel-opacity\"\/>\n\n\n\n<h2 class=\"wp-block-heading has-text-align-center\"><strong>Preise<\/strong><\/h2>\n\n\n\n<h2 class=\"wp-block-heading has-text-align-center\"><strong>Nano Brows | H\u00e4rchenzeichnung <\/strong>&#8211; CHF 590 inkl. 1 Nachbehandlung <\/h2>\n\n\n\n<h2 class=\"wp-block-heading has-text-align-center\"><strong>Powder Brows <\/strong>&#8211; CHF 490 inkl. 1 Nachbehandlung<\/h2>\n\n\n<div class=\"wp-block-image\">\n<figure class=\"aligncenter size-large\"><img loading=\"lazy\" decoding=\"async\" width=\"1024\" height=\"682\" src=\"https:\/\/beautyesthetics.ch\/wp-content\/uploads\/2022\/09\/AdobeStock_393603504-1024x682.jpg\" alt=\"\" class=\"wp-image-124\" srcset=\"https:\/\/beautyesthetics.ch\/wp-content\/uploads\/2022\/09\/AdobeStock_393603504-1024x682.jpg 1024w, https:\/\/beautyesthetics.ch\/wp-content\/uploads\/2022\/09\/AdobeStock_393603504-300x200.jpg 300w, https:\/\/beautyesthetics.ch\/wp-content\/uploads\/2022\/09\/AdobeStock_393603504-768x512.jpg 768w, https:\/\/beautyesthetics.ch\/wp-content\/uploads\/2022\/09\/AdobeStock_393603504.jpg 1115w\" sizes=\"auto, (max-width: 767px) 89vw, (max-width: 1000px) 54vw, (max-width: 1071px) 543px, 580px\" \/><\/figure>\n<\/div>\n\n\n<h2 class=\"wp-block-heading has-text-align-center\">sie sorgen f\u00fcr ausdrucksstarke Blicke und formen das Gesicht.<\/h2>\n\n\n\n<hr class=\"wp-block-separator has-alpha-channel-opacity\"\/>\n\n\n\n<h2 class=\"wp-block-heading has-text-align-center\"><strong>Lidstrich oben <\/strong>\u2013 CHF 450<strong> | Lidstrich unten <\/strong>\u2013 CHF 350<strong> | Lidstrich oben &amp; unten <\/strong>\u2013 CHF 650 <strong>| Wimpernkranzverdichtung <\/strong>\u2013 CHF 350<\/h2>\n\n\n\n<h2 class=\"wp-block-heading has-text-align-center\">alle Preise inkl. 1 Nachbehandlung<\/h2>\n\n\n<div class=\"wp-block-image\">\n<figure class=\"aligncenter size-large\"><img loading=\"lazy\" decoding=\"async\" width=\"1024\" height=\"682\" src=\"https:\/\/beautyesthetics.ch\/wp-content\/uploads\/2022\/09\/AdobeStock_266813798-1024x682.jpg\" alt=\"\" class=\"wp-image-126\" srcset=\"https:\/\/beautyesthetics.ch\/wp-content\/uploads\/2022\/09\/AdobeStock_266813798-1024x682.jpg 1024w, https:\/\/beautyesthetics.ch\/wp-content\/uploads\/2022\/09\/AdobeStock_266813798-300x200.jpg 300w, https:\/\/beautyesthetics.ch\/wp-content\/uploads\/2022\/09\/AdobeStock_266813798-768x512.jpg 768w, https:\/\/beautyesthetics.ch\/wp-content\/uploads\/2022\/09\/AdobeStock_266813798-1536x1024.jpg 1536w, https:\/\/beautyesthetics.ch\/wp-content\/uploads\/2022\/09\/AdobeStock_266813798.jpg 1844w\" sizes=\"auto, (max-width: 767px) 89vw, (max-width: 1000px) 54vw, (max-width: 1071px) 543px, 580px\" \/><\/figure>\n<\/div>\n\n\n<h2 class=\"wp-block-heading has-text-align-center\">Kleiner Strich mit gro\u00dfer Wirkung. Der Lidstrich sorgt f\u00fcr einen ausdrucksstarken, sch\u00f6nen Augenaufschlag.<\/h2>\n\n\n\n<hr class=\"wp-block-separator has-alpha-channel-opacity\"\/>\n\n\n\n<h2 class=\"wp-block-heading has-text-align-center\"><strong> Lippen mit Schattierung <\/strong>\u2013 CHF 590\u00a0alle Preise inkl. 1 Nachbehandlung<\/h2>\n\n\n\n<figure class=\"wp-block-image size-large\"><img loading=\"lazy\" decoding=\"async\" width=\"1024\" height=\"683\" src=\"https:\/\/beautyesthetics.ch\/wp-content\/uploads\/2022\/09\/AdobeStock_249121048-1024x683.jpg\" alt=\"\" class=\"wp-image-127\" srcset=\"https:\/\/beautyesthetics.ch\/wp-content\/uploads\/2022\/09\/AdobeStock_249121048-1024x683.jpg 1024w, https:\/\/beautyesthetics.ch\/wp-content\/uploads\/2022\/09\/AdobeStock_249121048-300x200.jpg 300w, https:\/\/beautyesthetics.ch\/wp-content\/uploads\/2022\/09\/AdobeStock_249121048-768x512.jpg 768w, https:\/\/beautyesthetics.ch\/wp-content\/uploads\/2022\/09\/AdobeStock_249121048.jpg 1428w\" sizes=\"auto, (max-width: 767px) 89vw, (max-width: 1000px) 54vw, (max-width: 1071px) 543px, 580px\" \/><\/figure>\n\n\n\n<h2 class=\"wp-block-heading has-text-align-center\">Sie sind das Symbol f\u00fcr Sinnlichkeit. Die perfekte Lippe zaubert in jedes Gesicht ein wundersch\u00f6nes L\u00e4cheln.<\/h2>\n\n\n\n<hr class=\"wp-block-separator has-alpha-channel-opacity\"\/>\n","protected":false},"excerpt":{"rendered":"<p>Sch\u00f6nheit, die bleibt. F\u00fcr jede moderne Frau von Heute, die sich 24h auf ihr gepflegtes Aussehen verlassen m\u00f6chte. Wir optimieren deine Augenbrauen, Lippen oder setzen Lidstriche f\u00fcr deine eigene, ganz besondere Ausstrahlung! In unserem Studio arbeiten wir ausschlie\u00dflich mit zertifizierten Produkten , um Dir beste Qualit\u00e4t zu sichern. Wir beraten dich sehr gerne kostenlos! Preise &hellip; <\/p>\n<p class=\"link-more\"><a href=\"https:\/\/beautyesthetics.ch\/?page_id=123\" class=\"more-link\"><span class=\"screen-reader-text\">\u201ePermanentMakeUp\u201c <\/span>weiterlesen<\/a><\/p>\n","protected":false},"author":1,"featured_media":0,"parent":0,"menu_order":0,"comment_status":"closed","ping_status":"closed","template":"","meta":{"_monsterinsights_skip_tracking":false,"_monsterinsights_sitenote_active":false,"_monsterinsights_sitenote_note":"","_monsterinsights_sitenote_category":0,"footnotes":""},"class_list":["post-123","page","type-page","status-publish","hentry"],"aioseo_notices":[],"_links":{"self":[{"href":"https:\/\/beautyesthetics.ch\/index.php?rest_route=\/wp\/v2\/pages\/123","targetHints":{"allow":["GET"]}}],"collection":[{"href":"https:\/\/beautyesthetics.ch\/index.php?rest_route=\/wp\/v2\/pages"}],"about":[{"href":"https:\/\/beautyesthetics.ch\/index.php?rest_route=\/wp\/v2\/types\/page"}],"author":[{"embeddable":true,"href":"https:\/\/beautyesthetics.ch\/index.php?rest_route=\/wp\/v2\/users\/1"}],"replies":[{"embeddable":true,"href":"https:\/\/beautyesthetics.ch\/index.php?rest_route=%2Fwp%2Fv2%2Fcomments&post=123"}],"version-history":[{"count":3,"href":"https:\/\/beautyesthetics.ch\/index.php?rest_route=\/wp\/v2\/pages\/123\/revisions"}],"predecessor-version":[{"id":213,"href":"https:\/\/beautyesthetics.ch\/index.php?rest_route=\/wp\/v2\/pages\/123\/revisions\/213"}],"wp:attachment":[{"href":"https:\/\/beautyesthetics.ch\/index.php?rest_route=%2Fwp%2Fv2%2Fmedia&parent=123"}],"curies":[{"name":"wp","href":"https:\/\/api.w.org\/{rel}","templated":true}]}}