{"id":157,"date":"2022-09-20T14:53:40","date_gmt":"2022-09-20T14:53:40","guid":{"rendered":"https:\/\/beautyesthetics.ch\/?page_id=157"},"modified":"2025-09-29T08:53:27","modified_gmt":"2025-09-29T08:53:27","slug":"lashextensions","status":"publish","type":"page","link":"https:\/\/beautyesthetics.ch\/?page_id=157","title":{"rendered":"LashExtensions"},"content":{"rendered":"\n<h2 class=\"wp-block-heading has-text-align-center\">BEI UNS WIRD QUALIT\u00c4T GROSS GESCHRIEBEN! Professionalit\u00e4t und Fachkompetenz hat bei uns einen hohen Stellenwert! Nehmt Euch Zeit, damit eure Stylistin die Wimpern sauber applizieren kann ohne die Naturwimpern zu sch\u00e4digen.<\/h2>\n\n\n<div class=\"wp-block-image\">\n<figure class=\"aligncenter size-large\"><img loading=\"lazy\" decoding=\"async\" width=\"1024\" height=\"683\" src=\"https:\/\/beautyesthetics.ch\/wp-content\/uploads\/2022\/09\/AdobeStock_229689163-1-1024x683.jpg\" alt=\"\" class=\"wp-image-158\" srcset=\"https:\/\/beautyesthetics.ch\/wp-content\/uploads\/2022\/09\/AdobeStock_229689163-1-1024x683.jpg 1024w, https:\/\/beautyesthetics.ch\/wp-content\/uploads\/2022\/09\/AdobeStock_229689163-1-300x200.jpg 300w, https:\/\/beautyesthetics.ch\/wp-content\/uploads\/2022\/09\/AdobeStock_229689163-1-768x513.jpg 768w, https:\/\/beautyesthetics.ch\/wp-content\/uploads\/2022\/09\/AdobeStock_229689163-1-1536x1025.jpg 1536w, https:\/\/beautyesthetics.ch\/wp-content\/uploads\/2022\/09\/AdobeStock_229689163-1-2048x1367.jpg 2048w\" sizes=\"auto, (max-width: 767px) 89vw, (max-width: 1000px) 54vw, (max-width: 1071px) 543px, 580px\" \/><\/figure>\n<\/div>\n\n\n<h2 class=\"wp-block-heading has-text-align-center\"><strong>Classic Neuset (1:1) &#8211; CHF 145<\/strong><\/h2>\n\n\n\n<h2 class=\"wp-block-heading has-text-align-center\">Refill ab CHF 75<\/h2>\n\n\n\n<hr class=\"wp-block-separator has-alpha-channel-opacity\"\/>\n\n\n\n<h2 class=\"wp-block-heading has-text-align-center\"><strong>Hybrid Neuset (1:1 und Volumen Mix) &#8211; CHF 155<\/strong><\/h2>\n\n\n\n<h2 class=\"wp-block-heading has-text-align-center\">Refill ab CHF 85<\/h2>\n\n\n\n<hr class=\"wp-block-separator has-alpha-channel-opacity\"\/>\n\n\n\n<h2 class=\"wp-block-heading has-text-align-center\"><strong>Volume\/Whispy Neuset &#8211; CHF 165<\/strong><\/h2>\n\n\n\n<h2 class=\"wp-block-heading has-text-align-center\">Refill ab CHF 90<\/h2>\n\n\n\n<hr class=\"wp-block-separator has-alpha-channel-opacity\"\/>\n\n\n\n<h2 class=\"wp-block-heading has-text-align-center\">REFILL aus einem FREMDSTUDIO \u2013 Die Preise von einem neuen Set werden verrechnet. Gerne k\u00f6nnt Ihr auch zu uns kommen, wenn Ihr bereits eine Verl\u00e4ngerung habt machen lassen. Wir werden deine bisherigen Wimpern abnehmen (kostenloser Service) und Dir ein neues Set gem\u00e4ss unseren Standards kreieren.<\/h2>\n","protected":false},"excerpt":{"rendered":"<p>BEI UNS WIRD QUALIT\u00c4T GROSS GESCHRIEBEN! Professionalit\u00e4t und Fachkompetenz hat bei uns einen hohen Stellenwert! Nehmt Euch Zeit, damit eure Stylistin die Wimpern sauber applizieren kann ohne die Naturwimpern zu sch\u00e4digen. Classic Neuset (1:1) &#8211; CHF 145 Refill ab CHF 75 Hybrid Neuset (1:1 und Volumen Mix) &#8211; CHF 155 Refill ab CHF 85 Volume\/Whispy &hellip; <\/p>\n<p class=\"link-more\"><a href=\"https:\/\/beautyesthetics.ch\/?page_id=157\" class=\"more-link\"><span class=\"screen-reader-text\">\u201eLashExtensions\u201c <\/span>weiterlesen<\/a><\/p>\n","protected":false},"author":1,"featured_media":0,"parent":0,"menu_order":0,"comment_status":"closed","ping_status":"closed","template":"","meta":{"_monsterinsights_skip_tracking":false,"_monsterinsights_sitenote_active":false,"_monsterinsights_sitenote_note":"","_monsterinsights_sitenote_category":0,"footnotes":""},"class_list":["post-157","page","type-page","status-publish","hentry"],"aioseo_notices":[],"_links":{"self":[{"href":"https:\/\/beautyesthetics.ch\/index.php?rest_route=\/wp\/v2\/pages\/157","targetHints":{"allow":["GET"]}}],"collection":[{"href":"https:\/\/beautyesthetics.ch\/index.php?rest_route=\/wp\/v2\/pages"}],"about":[{"href":"https:\/\/beautyesthetics.ch\/index.php?rest_route=\/wp\/v2\/types\/page"}],"author":[{"embeddable":true,"href":"https:\/\/beautyesthetics.ch\/index.php?rest_route=\/wp\/v2\/users\/1"}],"replies":[{"embeddable":true,"href":"https:\/\/beautyesthetics.ch\/index.php?rest_route=%2Fwp%2Fv2%2Fcomments&post=157"}],"version-history":[{"count":8,"href":"https:\/\/beautyesthetics.ch\/index.php?rest_route=\/wp\/v2\/pages\/157\/revisions"}],"predecessor-version":[{"id":358,"href":"https:\/\/beautyesthetics.ch\/index.php?rest_route=\/wp\/v2\/pages\/157\/revisions\/358"}],"wp:attachment":[{"href":"https:\/\/beautyesthetics.ch\/index.php?rest_route=%2Fwp%2Fv2%2Fmedia&parent=157"}],"curies":[{"name":"wp","href":"https:\/\/api.w.org\/{rel}","templated":true}]}}