{"id":167,"date":"2022-09-21T09:45:10","date_gmt":"2022-09-21T09:45:10","guid":{"rendered":"https:\/\/beautyesthetics.ch\/?page_id=167"},"modified":"2022-09-21T09:45:10","modified_gmt":"2022-09-21T09:45:10","slug":"waxing-2","status":"publish","type":"page","link":"https:\/\/beautyesthetics.ch\/?page_id=167","title":{"rendered":"Waxing"},"content":{"rendered":"\n<h2 class=\"has-text-align-center wp-block-heading\"><strong>Unser Warmwachs ist f\u00fcr jeden Hauttypen geeignet und kann somit auch bei empfindlicher Haut angewendet werden. Nach der Haarentfernung wird Ihre Haut mit einem leichten Post Epil Oil nachbehandelt. Dies l\u00e4sst zus\u00e4tzliche Feuchtigkeit zukommen und verz\u00f6gert das Haarwachstum.<\/strong><\/h2>\n\n\n<div class=\"wp-block-image\">\n<figure class=\"aligncenter size-large\"><img loading=\"lazy\" decoding=\"async\" width=\"1024\" height=\"683\" src=\"https:\/\/beautyesthetics.ch\/wp-content\/uploads\/2022\/09\/AdobeStock_197415562-1024x683.jpeg\" alt=\"\" class=\"wp-image-137\" srcset=\"https:\/\/beautyesthetics.ch\/wp-content\/uploads\/2022\/09\/AdobeStock_197415562-1024x683.jpeg 1024w, https:\/\/beautyesthetics.ch\/wp-content\/uploads\/2022\/09\/AdobeStock_197415562-300x200.jpeg 300w, https:\/\/beautyesthetics.ch\/wp-content\/uploads\/2022\/09\/AdobeStock_197415562-768x512.jpeg 768w, https:\/\/beautyesthetics.ch\/wp-content\/uploads\/2022\/09\/AdobeStock_197415562-1536x1024.jpeg 1536w, https:\/\/beautyesthetics.ch\/wp-content\/uploads\/2022\/09\/AdobeStock_197415562-2048x1365.jpeg 2048w\" sizes=\"auto, (max-width: 767px) 89vw, (max-width: 1000px) 54vw, (max-width: 1071px) 543px, 580px\" \/><\/figure>\n<\/div>\n\n\n<hr class=\"wp-block-separator has-alpha-channel-opacity\"\/>\n\n\n\n<h2 class=\"has-text-align-center wp-block-heading\">Preise | f\u00fcr SIE<\/h2>\n\n\n\n<div class=\"wp-block-columns is-layout-flex wp-container-core-columns-is-layout-9d6595d7 wp-block-columns-is-layout-flex\">\n<div class=\"wp-block-column is-layout-flow wp-block-column-is-layout-flow\">\n<h2 class=\"wp-block-heading\">Halbe Beine CHF55<\/h2>\n\n\n\n<h2 class=\"wp-block-heading\">Ganze Beine CHF75<\/h2>\n\n\n\n<h2 class=\"wp-block-heading\">Bikini Brazil CHF60<\/h2>\n<\/div>\n\n\n\n<div class=\"wp-block-column is-layout-flow wp-block-column-is-layout-flow\">\n<h2 class=\"wp-block-heading\">Achseln CHF30<\/h2>\n\n\n\n<h2 class=\"wp-block-heading\">Oberlippe CHF20<\/h2>\n\n\n\n<h2 class=\"wp-block-heading\">Bikini Holly CHF45<\/h2>\n<\/div>\n\n\n\n<div class=\"wp-block-column is-layout-flow wp-block-column-is-layout-flow\">\n<h2 class=\"wp-block-heading\">Arme CHF50<\/h2>\n\n\n\n<h2 class=\"wp-block-heading\">Oberl.&amp;Kinn CHF30<\/h2>\n\n\n\n<h2 class=\"wp-block-heading\">BikiniLinie CHF35<\/h2>\n<\/div>\n<\/div>\n\n\n\n<hr class=\"wp-block-separator has-alpha-channel-opacity\"\/>\n\n\n\n<h2 class=\"has-text-align-center wp-block-heading\">Preise | f\u00fcr IHN<\/h2>\n\n\n\n<div class=\"wp-block-columns is-layout-flex wp-container-core-columns-is-layout-9d6595d7 wp-block-columns-is-layout-flex\">\n<div class=\"wp-block-column is-layout-flow wp-block-column-is-layout-flow\">\n<h2 class=\"wp-block-heading\">R\u00fccken CHF75<\/h2>\n<\/div>\n\n\n\n<div class=\"wp-block-column is-layout-flow wp-block-column-is-layout-flow\">\n<h2 class=\"wp-block-heading\">Brust CHF50<\/h2>\n<\/div>\n\n\n\n<div class=\"wp-block-column is-layout-flow wp-block-column-is-layout-flow\">\n<h2 class=\"wp-block-heading\">Bauch CHF50<\/h2>\n<\/div>\n<\/div>\n\n\n\n<hr class=\"wp-block-separator has-alpha-channel-opacity\"\/>\n","protected":false},"excerpt":{"rendered":"<p>Unser Warmwachs ist f\u00fcr jeden Hauttypen geeignet und kann somit auch bei empfindlicher Haut angewendet werden. Nach der Haarentfernung wird Ihre Haut mit einem leichten Post Epil Oil nachbehandelt. Dies l\u00e4sst zus\u00e4tzliche Feuchtigkeit zukommen und verz\u00f6gert das Haarwachstum. Preise | f\u00fcr SIE Halbe Beine CHF55 Ganze Beine CHF75 Bikini Brazil CHF60 Achseln CHF30 Oberlippe CHF20 &hellip; <\/p>\n<p class=\"link-more\"><a href=\"https:\/\/beautyesthetics.ch\/?page_id=167\" class=\"more-link\"><span class=\"screen-reader-text\">\u201eWaxing\u201c <\/span>weiterlesen<\/a><\/p>\n","protected":false},"author":1,"featured_media":0,"parent":0,"menu_order":0,"comment_status":"closed","ping_status":"closed","template":"","meta":{"_monsterinsights_skip_tracking":false,"_monsterinsights_sitenote_active":false,"_monsterinsights_sitenote_note":"","_monsterinsights_sitenote_category":0,"footnotes":""},"class_list":["post-167","page","type-page","status-publish","hentry"],"aioseo_notices":[],"_links":{"self":[{"href":"https:\/\/beautyesthetics.ch\/index.php?rest_route=\/wp\/v2\/pages\/167","targetHints":{"allow":["GET"]}}],"collection":[{"href":"https:\/\/beautyesthetics.ch\/index.php?rest_route=\/wp\/v2\/pages"}],"about":[{"href":"https:\/\/beautyesthetics.ch\/index.php?rest_route=\/wp\/v2\/types\/page"}],"author":[{"embeddable":true,"href":"https:\/\/beautyesthetics.ch\/index.php?rest_route=\/wp\/v2\/users\/1"}],"replies":[{"embeddable":true,"href":"https:\/\/beautyesthetics.ch\/index.php?rest_route=%2Fwp%2Fv2%2Fcomments&post=167"}],"version-history":[{"count":1,"href":"https:\/\/beautyesthetics.ch\/index.php?rest_route=\/wp\/v2\/pages\/167\/revisions"}],"predecessor-version":[{"id":168,"href":"https:\/\/beautyesthetics.ch\/index.php?rest_route=\/wp\/v2\/pages\/167\/revisions\/168"}],"wp:attachment":[{"href":"https:\/\/beautyesthetics.ch\/index.php?rest_route=%2Fwp%2Fv2%2Fmedia&parent=167"}],"curies":[{"name":"wp","href":"https:\/\/api.w.org\/{rel}","templated":true}]}}