{"id":68,"date":"2022-08-23T11:40:20","date_gmt":"2022-08-23T11:40:20","guid":{"rendered":"https:\/\/beautyesthetics.ch\/?page_id=68"},"modified":"2024-08-31T09:36:14","modified_gmt":"2024-08-31T09:36:14","slug":"skin-care","status":"publish","type":"page","link":"https:\/\/beautyesthetics.ch\/?page_id=68","title":{"rendered":"Skin Care"},"content":{"rendered":"\n<h2 class=\"wp-block-heading has-text-align-center\"><strong>H\u00f6chste Qualit\u00e4t ist nicht einfach eine M\u00f6glichkeit, sie ist die Voraussetzung.<\/strong><\/h2>\n\n\n\n<h2 class=\"wp-block-heading has-text-align-center\"><strong>Mit unserer med. Cosmeceutical Linie Derma SR ist eine gezielte, individuelle und wirksame Hautbehandlung m\u00f6glich. Empfohlen durch Dr. med. Riml, plastischer Chirurg aus \u00d6sterreich und Derma-Clinics International.<\/strong><\/h2>\n\n\n<div class=\"wp-block-image\">\n<figure class=\"aligncenter size-large\"><img loading=\"lazy\" decoding=\"async\" width=\"1024\" height=\"683\" src=\"https:\/\/beautyesthetics.ch\/wp-content\/uploads\/2022\/09\/SkinCare-1024x683.jpg\" alt=\"\" class=\"wp-image-143\" srcset=\"https:\/\/beautyesthetics.ch\/wp-content\/uploads\/2022\/09\/SkinCare-1024x683.jpg 1024w, https:\/\/beautyesthetics.ch\/wp-content\/uploads\/2022\/09\/SkinCare-300x200.jpg 300w, https:\/\/beautyesthetics.ch\/wp-content\/uploads\/2022\/09\/SkinCare-768x512.jpg 768w, https:\/\/beautyesthetics.ch\/wp-content\/uploads\/2022\/09\/SkinCare-1536x1025.jpg 1536w, https:\/\/beautyesthetics.ch\/wp-content\/uploads\/2022\/09\/SkinCare.jpg 1803w\" sizes=\"auto, (max-width: 767px) 89vw, (max-width: 1000px) 54vw, (max-width: 1071px) 543px, 580px\" \/><\/figure>\n<\/div>\n\n\n<hr class=\"wp-block-separator has-alpha-channel-opacity\"\/>\n\n\n\n<h2 class=\"wp-block-heading has-text-align-center\"><strong>Blemish Control | AKNE<\/strong><\/h2>\n\n\n\n<h2 class=\"wp-block-heading has-text-align-center\">Normalisiert erweiterte Poren, verfeinert die Hautstruktur, l\u00f6st festsitzende Komedonen, verringert die Ansammlung verhornter Hautzellen, beugt Unreinheiten vor!<\/h2>\n\n\n\n<div class=\"wp-block-columns is-layout-flex wp-container-core-columns-is-layout-9d6595d7 wp-block-columns-is-layout-flex\">\n<div class=\"wp-block-column is-layout-flow wp-block-column-is-layout-flow\">\n<h2 class=\"wp-block-heading has-text-align-center\">ca 45min CHF 130<\/h2>\n<\/div>\n<\/div>\n\n\n\n<hr class=\"wp-block-separator has-alpha-channel-opacity\"\/>\n\n\n\n<h2 class=\"wp-block-heading has-text-align-center\"><strong>Hydro Boost<\/strong><\/h2>\n\n\n\n<h2 class=\"wp-block-heading has-text-align-center\">Zellaktive Feuchtigkeitspflege mit hervorragender Hydrations-Wirkung. Trockenheitsf\u00e4ltchen werden gegl\u00e4ttet, die Haut wirkt straffer.<\/h2>\n\n\n\n<div class=\"wp-block-columns is-layout-flex wp-container-core-columns-is-layout-9d6595d7 wp-block-columns-is-layout-flex\">\n<div class=\"wp-block-column is-layout-flow wp-block-column-is-layout-flow\">\n<h2 class=\"wp-block-heading has-text-align-center\">ca. 1 Stunde CHF 155<\/h2>\n<\/div>\n<\/div>\n\n\n\n<hr class=\"wp-block-separator has-alpha-channel-opacity\"\/>\n\n\n<div class=\"wp-block-image\">\n<figure class=\"aligncenter size-large\"><img loading=\"lazy\" decoding=\"async\" width=\"1024\" height=\"576\" src=\"https:\/\/beautyesthetics.ch\/wp-content\/uploads\/2022\/09\/Anti-Age1-1024x576.jpeg\" alt=\"\" class=\"wp-image-144\" srcset=\"https:\/\/beautyesthetics.ch\/wp-content\/uploads\/2022\/09\/Anti-Age1-1024x576.jpeg 1024w, https:\/\/beautyesthetics.ch\/wp-content\/uploads\/2022\/09\/Anti-Age1-300x169.jpeg 300w, https:\/\/beautyesthetics.ch\/wp-content\/uploads\/2022\/09\/Anti-Age1-768x432.jpeg 768w, https:\/\/beautyesthetics.ch\/wp-content\/uploads\/2022\/09\/Anti-Age1-1536x864.jpeg 1536w, https:\/\/beautyesthetics.ch\/wp-content\/uploads\/2022\/09\/Anti-Age1-2048x1152.jpeg 2048w\" sizes=\"auto, (max-width: 767px) 89vw, (max-width: 1000px) 54vw, (max-width: 1071px) 543px, 580px\" \/><\/figure>\n<\/div>\n\n\n<h2 class=\"wp-block-heading has-text-align-center\"><strong>Instant Lift | Anti-Age<\/strong><\/h2>\n\n\n\n<h2 class=\"wp-block-heading has-text-align-center\">Zur Festigung und Straffung der Gesichtskontur sowie zur Minderung feiner Mimikfalten. Die erhaltene Hyalurons\u00e4urekombination spendet aktiv Feuchtigkeit. <\/h2>\n\n\n\n<h2 class=\"wp-block-heading has-text-align-center\">ca. 1.5 Stunden CHF 175<\/h2>\n","protected":false},"excerpt":{"rendered":"<p>H\u00f6chste Qualit\u00e4t ist nicht einfach eine M\u00f6glichkeit, sie ist die Voraussetzung. Mit unserer med. Cosmeceutical Linie Derma SR ist eine gezielte, individuelle und wirksame Hautbehandlung m\u00f6glich. Empfohlen durch Dr. med. Riml, plastischer Chirurg aus \u00d6sterreich und Derma-Clinics International. Blemish Control | AKNE Normalisiert erweiterte Poren, verfeinert die Hautstruktur, l\u00f6st festsitzende Komedonen, verringert die Ansammlung verhornter &hellip; <\/p>\n<p class=\"link-more\"><a href=\"https:\/\/beautyesthetics.ch\/?page_id=68\" class=\"more-link\"><span class=\"screen-reader-text\">\u201eSkin Care\u201c <\/span>weiterlesen<\/a><\/p>\n","protected":false},"author":1,"featured_media":0,"parent":0,"menu_order":0,"comment_status":"closed","ping_status":"closed","template":"","meta":{"_monsterinsights_skip_tracking":false,"_monsterinsights_sitenote_active":false,"_monsterinsights_sitenote_note":"","_monsterinsights_sitenote_category":0,"footnotes":""},"class_list":["post-68","page","type-page","status-publish","hentry"],"aioseo_notices":[],"_links":{"self":[{"href":"https:\/\/beautyesthetics.ch\/index.php?rest_route=\/wp\/v2\/pages\/68","targetHints":{"allow":["GET"]}}],"collection":[{"href":"https:\/\/beautyesthetics.ch\/index.php?rest_route=\/wp\/v2\/pages"}],"about":[{"href":"https:\/\/beautyesthetics.ch\/index.php?rest_route=\/wp\/v2\/types\/page"}],"author":[{"embeddable":true,"href":"https:\/\/beautyesthetics.ch\/index.php?rest_route=\/wp\/v2\/users\/1"}],"replies":[{"embeddable":true,"href":"https:\/\/beautyesthetics.ch\/index.php?rest_route=%2Fwp%2Fv2%2Fcomments&post=68"}],"version-history":[{"count":5,"href":"https:\/\/beautyesthetics.ch\/index.php?rest_route=\/wp\/v2\/pages\/68\/revisions"}],"predecessor-version":[{"id":295,"href":"https:\/\/beautyesthetics.ch\/index.php?rest_route=\/wp\/v2\/pages\/68\/revisions\/295"}],"wp:attachment":[{"href":"https:\/\/beautyesthetics.ch\/index.php?rest_route=%2Fwp%2Fv2%2Fmedia&parent=68"}],"curies":[{"name":"wp","href":"https:\/\/api.w.org\/{rel}","templated":true}]}}