{"id":69,"date":"2022-08-23T11:40:20","date_gmt":"2022-08-23T11:40:20","guid":{"rendered":"https:\/\/beautyesthetics.ch\/?page_id=69"},"modified":"2024-08-31T09:37:22","modified_gmt":"2024-08-31T09:37:22","slug":"microneedling","status":"publish","type":"page","link":"https:\/\/beautyesthetics.ch\/?page_id=69","title":{"rendered":"Microneedling"},"content":{"rendered":"\n<h2 class=\"wp-block-heading has-text-align-center\"><strong>Microneedling<\/strong><\/h2>\n\n\n\n<h2 class=\"wp-block-heading has-text-align-center\">Mit einem Pen, der mikrofeine N\u00e4delchen besitzt, wird die zu behandelnde Stelle bearbeitet. Hochkonzentrierte Wirkstoffe k\u00f6nnen nun tiefer in die Haut eindringen und die Kollagen-, Elastin- und Hyalurons\u00e4ure Produktion stimulieren.<\/h2>\n\n\n\n<h2 class=\"wp-block-heading has-text-align-center\">Needling verbessert die Hautstruktur bei Linien und F\u00e4ltchen, verfeinert das Hautbild, optimal f\u00fcr Narbebehandlungen z.b. nach Akne, fahle und m\u00fcde Haut wird aufgefrischt, Hyperpigmentierungen werden minimiert.<\/h2>\n\n\n<div class=\"wp-block-image\">\n<figure class=\"aligncenter size-large\"><img loading=\"lazy\" decoding=\"async\" width=\"1024\" height=\"638\" src=\"https:\/\/beautyesthetics.ch\/wp-content\/uploads\/2022\/09\/AdobeStock_282361520-1024x638.jpg\" alt=\"\" class=\"wp-image-114\" srcset=\"https:\/\/beautyesthetics.ch\/wp-content\/uploads\/2022\/09\/AdobeStock_282361520-1024x638.jpg 1024w, https:\/\/beautyesthetics.ch\/wp-content\/uploads\/2022\/09\/AdobeStock_282361520-300x187.jpg 300w, https:\/\/beautyesthetics.ch\/wp-content\/uploads\/2022\/09\/AdobeStock_282361520-768x479.jpg 768w, https:\/\/beautyesthetics.ch\/wp-content\/uploads\/2022\/09\/AdobeStock_282361520-1536x958.jpg 1536w, https:\/\/beautyesthetics.ch\/wp-content\/uploads\/2022\/09\/AdobeStock_282361520-2048x1277.jpg 2048w\" sizes=\"auto, (max-width: 767px) 89vw, (max-width: 1000px) 54vw, (max-width: 1071px) 543px, 580px\" \/><\/figure>\n<\/div>\n\n\n<hr class=\"wp-block-separator has-alpha-channel-opacity\"\/>\n\n\n\n<h2 class=\"wp-block-heading has-text-align-center\"><strong>Wie wirkt Microneedling?<\/strong><\/h2>\n\n\n\n<h2 class=\"wp-block-heading has-text-align-center\">Durch die minimal invasive Behandlung der obersten Hautschicht wird der Selbstheilungsprozess der Haut angeregt. Neue kollagene und elastische Fasern werden gebildet. Genau diese Faktoren sind verantwortlich f\u00fcr die Festigkeit und Elastizit\u00e4t des Bindegewebes. Ebenso kann eine erh\u00f6hte Wirkstoffaufnahme durch die kleinen Kan\u00e4lchen erzielt werden.<\/h2>\n\n\n<div class=\"wp-block-image\">\n<figure class=\"aligncenter size-large\"><img loading=\"lazy\" decoding=\"async\" width=\"1024\" height=\"800\" src=\"https:\/\/beautyesthetics.ch\/wp-content\/uploads\/2022\/09\/AdobeStock_471092833-1024x800.jpeg\" alt=\"\" class=\"wp-image-115\" srcset=\"https:\/\/beautyesthetics.ch\/wp-content\/uploads\/2022\/09\/AdobeStock_471092833-1024x800.jpeg 1024w, https:\/\/beautyesthetics.ch\/wp-content\/uploads\/2022\/09\/AdobeStock_471092833-300x234.jpeg 300w, https:\/\/beautyesthetics.ch\/wp-content\/uploads\/2022\/09\/AdobeStock_471092833-768x600.jpeg 768w, https:\/\/beautyesthetics.ch\/wp-content\/uploads\/2022\/09\/AdobeStock_471092833-1536x1200.jpeg 1536w, https:\/\/beautyesthetics.ch\/wp-content\/uploads\/2022\/09\/AdobeStock_471092833-2048x1600.jpeg 2048w\" sizes=\"auto, (max-width: 767px) 89vw, (max-width: 1000px) 54vw, (max-width: 1071px) 543px, 580px\" \/><\/figure>\n<\/div>\n\n\n<hr class=\"wp-block-separator has-alpha-channel-opacity\"\/>\n\n\n\n<h2 class=\"wp-block-heading has-text-align-center\"><strong>Preise<\/strong><\/h2>\n\n\n\n<h2 class=\"wp-block-heading has-text-align-center\">Reinigung, intensiver Anti-Aging Wirkstoffcocktail und Hyalurons\u00e4ure, Needling mittels Pen, k\u00fchlende Kollagen- und Hyalurons\u00e4uremaske.<\/h2>\n\n\n\n<figure class=\"wp-block-table\"><table><tbody><tr><td class=\"has-text-align-left\" data-align=\"left\">Gesicht <br>Gesicht, Hals + Dekollet\u00e9<br><br>Einzelne Zone (z.B. Augenpartie oder Mund mit<br>Nasolabialfalten)<\/td><td>CHF 169<br>CHF 199<br> <br>CHF 89<\/td><\/tr><\/tbody><\/table><\/figure>\n\n\n\n<figure class=\"wp-block-table\"><table><tbody><tr><td>ABO Gesicht, 3 Behandlungen<br>ABO Gesicht, Hals + Dekollet\u00e9, 3 Behandlungen<br><br>Zu jedem ABO Preis sind 10% Rabatt enthalten!<\/td><td>CHF 440<br>CHF 520<br><br><\/td><\/tr><\/tbody><\/table><\/figure>\n\n\n\n<hr class=\"wp-block-separator has-alpha-channel-opacity\"\/>\n","protected":false},"excerpt":{"rendered":"<p>Microneedling Mit einem Pen, der mikrofeine N\u00e4delchen besitzt, wird die zu behandelnde Stelle bearbeitet. Hochkonzentrierte Wirkstoffe k\u00f6nnen nun tiefer in die Haut eindringen und die Kollagen-, Elastin- und Hyalurons\u00e4ure Produktion stimulieren. Needling verbessert die Hautstruktur bei Linien und F\u00e4ltchen, verfeinert das Hautbild, optimal f\u00fcr Narbebehandlungen z.b. nach Akne, fahle und m\u00fcde Haut wird aufgefrischt, Hyperpigmentierungen &hellip; <\/p>\n<p class=\"link-more\"><a href=\"https:\/\/beautyesthetics.ch\/?page_id=69\" class=\"more-link\"><span class=\"screen-reader-text\">\u201eMicroneedling\u201c <\/span>weiterlesen<\/a><\/p>\n","protected":false},"author":1,"featured_media":0,"parent":0,"menu_order":0,"comment_status":"closed","ping_status":"closed","template":"","meta":{"_monsterinsights_skip_tracking":false,"_monsterinsights_sitenote_active":false,"_monsterinsights_sitenote_note":"","_monsterinsights_sitenote_category":0,"footnotes":""},"class_list":["post-69","page","type-page","status-publish","hentry"],"aioseo_notices":[],"_links":{"self":[{"href":"https:\/\/beautyesthetics.ch\/index.php?rest_route=\/wp\/v2\/pages\/69","targetHints":{"allow":["GET"]}}],"collection":[{"href":"https:\/\/beautyesthetics.ch\/index.php?rest_route=\/wp\/v2\/pages"}],"about":[{"href":"https:\/\/beautyesthetics.ch\/index.php?rest_route=\/wp\/v2\/types\/page"}],"author":[{"embeddable":true,"href":"https:\/\/beautyesthetics.ch\/index.php?rest_route=\/wp\/v2\/users\/1"}],"replies":[{"embeddable":true,"href":"https:\/\/beautyesthetics.ch\/index.php?rest_route=%2Fwp%2Fv2%2Fcomments&post=69"}],"version-history":[{"count":7,"href":"https:\/\/beautyesthetics.ch\/index.php?rest_route=\/wp\/v2\/pages\/69\/revisions"}],"predecessor-version":[{"id":296,"href":"https:\/\/beautyesthetics.ch\/index.php?rest_route=\/wp\/v2\/pages\/69\/revisions\/296"}],"wp:attachment":[{"href":"https:\/\/beautyesthetics.ch\/index.php?rest_route=%2Fwp%2Fv2%2Fmedia&parent=69"}],"curies":[{"name":"wp","href":"https:\/\/api.w.org\/{rel}","templated":true}]}}